{"id":218,"date":"2020-05-12T03:43:04","date_gmt":"2020-05-12T03:43:04","guid":{"rendered":"http:\/\/le24th.com\/?page_id=218"},"modified":"2021-11-08T18:09:15","modified_gmt":"2021-11-08T18:09:15","slug":"about","status":"publish","type":"page","link":"http:\/\/le24th.com\/?page_id=218","title":{"rendered":"Infos"},"content":{"rendered":"\n<div class=\"wp-block-cover alignfull has-ast-global-color-1-background-color has-background-dim has-parallax\" style=\"background-image:url(http:\/\/le24th.com\/wp-content\/uploads\/2021\/11\/243742793-1.jpg);min-height:380px;aspect-ratio:unset;\"><div class=\"wp-block-cover__inner-container is-layout-flow wp-block-cover-is-layout-flow\">\n<h1 class=\"has-text-align-center has-white-color has-text-color wp-block-heading\">INFOS<\/h1>\n<\/div><\/div>\n\n\n\n<div class=\"wp-block-group alignfull is-layout-flow wp-block-group-is-layout-flow\">\n<div class=\"wp-block-columns is-layout-flex wp-container-core-columns-is-layout-28f84493 wp-block-columns-is-layout-flex\">\n<div class=\"wp-block-column is-layout-flow wp-block-column-is-layout-flow\">\n<p><strong>Le 24th on Blum Square<\/strong><\/p>\n\n\n\n<p>A quelques pas de Paris et des transports publics , d\u00e9couvrez le 24th on Blum Square : un magnifique appartement d&rsquo;une chambre + canap\u00e9 lit refait \u00e0 neuf. Une vue magique, lumineux, original, s\u00e9curis\u00e9, climatis\u00e9 bien situ\u00e9 avec un parking et des tennis, cet appartement est fait pour vous. <\/p>\n\n\n\n<p>Few steps away from Paris, discover the \u201c24th\u201d : a beautiful apartment of 1 bedroom + sofa bed entirely renovated. Magical view, bright, original, safe, well located, air conditioning, parking and tennis courts, this place is for you.<\/p>\n\n\n\n<p>We look forward to your stay.<\/p>\n<\/div>\n<\/div>\n<\/div>\n\n\n\n<div class=\"wp-block-group alignfull has-background is-layout-flow wp-block-group-is-layout-flow\" style=\"background-color:#f0f0f0\"><\/div>\n","protected":false},"excerpt":{"rendered":"<p>Le 24th on Blum Square A quelques pas de Paris et des transports publics , d\u00e9couvrez le 24th on Blum Square : un magnifique appartement d&rsquo;une chambre + canap\u00e9 lit refait \u00e0 neuf. Une vue magique, lumineux, original, s\u00e9curis\u00e9, climatis\u00e9 bien situ\u00e9 avec un parking et des tennis, cet appartement est fait pour vous. Few [&hellip;]<\/p>\n","protected":false},"author":1,"featured_media":0,"parent":0,"menu_order":0,"comment_status":"closed","ping_status":"closed","template":"","meta":{"om_disable_all_campaigns":false,"_monsterinsights_skip_tracking":false,"_monsterinsights_sitenote_active":false,"_monsterinsights_sitenote_note":"","_monsterinsights_sitenote_category":0,"site-sidebar-layout":"no-sidebar","site-content-layout":"plain-container","ast-site-content-layout":"default","site-content-style":"default","site-sidebar-style":"default","ast-global-header-display":"","ast-banner-title-visibility":"","ast-main-header-display":"","ast-hfb-above-header-display":"","ast-hfb-below-header-display":"","ast-hfb-mobile-header-display":"","site-post-title":"disabled","ast-breadcrumbs-content":"","ast-featured-img":"disabled","footer-sml-layout":"","theme-transparent-header-meta":"enabled","adv-header-id-meta":"","stick-header-meta":"","header-above-stick-meta":"","header-main-stick-meta":"","header-below-stick-meta":"","astra-migrate-meta-layouts":"default","ast-page-background-enabled":"default","ast-page-background-meta":{"desktop":{"background-color":"","background-image":"","background-repeat":"repeat","background-position":"center center","background-size":"auto","background-attachment":"scroll","background-type":"","background-media":"","overlay-type":"","overlay-color":"","overlay-opacity":"","overlay-gradient":""},"tablet":{"background-color":"","background-image":"","background-repeat":"repeat","background-position":"center center","background-size":"auto","background-attachment":"scroll","background-type":"","background-media":"","overlay-type":"","overlay-color":"","overlay-opacity":"","overlay-gradient":""},"mobile":{"background-color":"","background-image":"","background-repeat":"repeat","background-position":"center center","background-size":"auto","background-attachment":"scroll","background-type":"","background-media":"","overlay-type":"","overlay-color":"","overlay-opacity":"","overlay-gradient":""}},"ast-content-background-meta":{"desktop":{"background-color":"var(--ast-global-color-5)","background-image":"","background-repeat":"repeat","background-position":"center center","background-size":"auto","background-attachment":"scroll","background-type":"","background-media":"","overlay-type":"","overlay-color":"","overlay-opacity":"","overlay-gradient":""},"tablet":{"background-color":"var(--ast-global-color-5)","background-image":"","background-repeat":"repeat","background-position":"center center","background-size":"auto","background-attachment":"scroll","background-type":"","background-media":"","overlay-type":"","overlay-color":"","overlay-opacity":"","overlay-gradient":""},"mobile":{"background-color":"var(--ast-global-color-5)","background-image":"","background-repeat":"repeat","background-position":"center center","background-size":"auto","background-attachment":"scroll","background-type":"","background-media":"","overlay-type":"","overlay-color":"","overlay-opacity":"","overlay-gradient":""}},"footnotes":""},"class_list":["post-218","page","type-page","status-publish","hentry"],"aioseo_notices":[],"_links":{"self":[{"href":"http:\/\/le24th.com\/index.php?rest_route=\/wp\/v2\/pages\/218","targetHints":{"allow":["GET"]}}],"collection":[{"href":"http:\/\/le24th.com\/index.php?rest_route=\/wp\/v2\/pages"}],"about":[{"href":"http:\/\/le24th.com\/index.php?rest_route=\/wp\/v2\/types\/page"}],"author":[{"embeddable":true,"href":"http:\/\/le24th.com\/index.php?rest_route=\/wp\/v2\/users\/1"}],"replies":[{"embeddable":true,"href":"http:\/\/le24th.com\/index.php?rest_route=%2Fwp%2Fv2%2Fcomments&post=218"}],"version-history":[{"count":7,"href":"http:\/\/le24th.com\/index.php?rest_route=\/wp\/v2\/pages\/218\/revisions"}],"predecessor-version":[{"id":655,"href":"http:\/\/le24th.com\/index.php?rest_route=\/wp\/v2\/pages\/218\/revisions\/655"}],"wp:attachment":[{"href":"http:\/\/le24th.com\/index.php?rest_route=%2Fwp%2Fv2%2Fmedia&parent=218"}],"curies":[{"name":"wp","href":"https:\/\/api.w.org\/{rel}","templated":true}]}}